{"id":1022,"date":"2021-04-14T04:53:57","date_gmt":"2021-04-14T04:53:57","guid":{"rendered":"https:\/\/www.alternativeservice.it\/index.php\/home\/"},"modified":"2022-10-22T11:52:25","modified_gmt":"2022-10-22T09:52:25","slug":"home","status":"publish","type":"page","link":"https:\/\/www.alternativeservice.it\/","title":{"rendered":"Home"},"content":{"rendered":"\n<div class=\"wp-block-cover alignfull has-parallax\" style=\"background-image:url(https:\/\/www.alternativeservice.it\/wp-content\/uploads\/2022\/10\/mercedes-benz-v-class-exterior-6.jpg);min-height:725px;aspect-ratio:unset;\"><span aria-hidden=\"true\" class=\"wp-block-cover__background has-background-dim-60 has-background-dim wp-block-cover__gradient-background has-background-gradient\" style=\"background:linear-gradient(139deg,rgb(0,0,0) 0%,rgba(155,82,224,0) 100%)\"><\/span><div class=\"wp-block-cover__inner-container is-layout-flow wp-block-cover-is-layout-flow\">\n<h4 class=\"has-text-align-center has-white-color has-text-color wp-block-heading\">Servizio di Noleggio con Conducente<\/h4>\n\n\n\n<h1 class=\"has-text-align-center has-white-color has-text-color wp-block-heading\">Alternative Service NCC<\/h1>\n\n\n\n<h4 class=\"has-text-align-center has-ast-global-color-5-color has-text-color has-medium-font-size wp-block-heading\">Venezia e Treviso<\/h4>\n\n\n\n<div class=\"wp-block-buttons is-content-justification-center is-layout-flex wp-container-core-buttons-is-layout-a89b3969 wp-block-buttons-is-layout-flex\">\n<div class=\"wp-block-button\"><a class=\"wp-block-button__link\" href=\"tel:00393917594388\"><i class=\"fas fa-phone\"><\/i> Chiamaci<\/a><\/div>\n<\/div>\n<\/div><\/div>\n\n\n\n<div class=\"inherit-container-width wp-block-group alignfull has-ast-global-color-4-background-color has-background is-layout-constrained wp-block-group-is-layout-constrained\"><div class=\"wp-block-group__inner-container\">\n<h2 class=\"has-text-align-center wp-block-heading\" id=\"servizi\">Servizi<\/h2>\n\n\n\n<div class=\"wp-block-columns alignwide is-layout-flex wp-container-core-columns-is-layout-28f84493 wp-block-columns-is-layout-flex\">\n<div class=\"wp-block-column has-ast-global-color-5-background-color has-background is-layout-flow wp-block-column-is-layout-flow\">\n<h3 class=\"has-text-color wp-block-heading\" style=\"color:#023ef0\">Noleggio con Conducente<\/h3>\n\n\n\n<p class=\"has-medium-font-size\">Alternative Service offre un servizio di noleggio con conducente accurato e professionale specializzato nei trasferimenti da e verso gli aeroporti, principalmente Venezia e Treviso, ma anche Trieste, Verona, Milano, Firenze, Roma, garantendo un viaggio comodo e in totale sicurezza, offrendo un servizio di qualit\u00e0 senza preoccupazioni e a un prezzo vantaggioso.<\/p>\n\n\n\n<p class=\"has-medium-font-size\">Contattaci oggi stesso per andare dove vuoi.<\/p>\n\n\n\n<div class=\"wp-block-buttons is-layout-flex wp-block-buttons-is-layout-flex\">\n<div class=\"wp-block-button is-style-outline is-style-outline--1\"><a class=\"wp-block-button__link\" href=\"tel:00393917594388\"><i class=\"fas fa-phone\"><\/i> +39 3917594388<\/a><\/div>\n<\/div>\n<\/div>\n\n\n\n<div class=\"wp-block-column is-vertically-aligned-center has-ast-global-color-5-background-color has-background is-layout-flow wp-block-column-is-layout-flow\">\n<figure class=\"wp-block-image size-large\"><img loading=\"lazy\" decoding=\"async\" width=\"1024\" height=\"724\" src=\"https:\/\/www.alternativeservice.it\/wp-content\/uploads\/2022\/10\/2015-mercedes-benz-v-class-01-1024x724.jpg\" alt=\"\" class=\"wp-image-1188\" srcset=\"https:\/\/www.alternativeservice.it\/wp-content\/uploads\/2022\/10\/2015-mercedes-benz-v-class-01-1024x724.jpg 1024w, https:\/\/www.alternativeservice.it\/wp-content\/uploads\/2022\/10\/2015-mercedes-benz-v-class-01-300x212.jpg 300w, https:\/\/www.alternativeservice.it\/wp-content\/uploads\/2022\/10\/2015-mercedes-benz-v-class-01-768x543.jpg 768w, https:\/\/www.alternativeservice.it\/wp-content\/uploads\/2022\/10\/2015-mercedes-benz-v-class-01-1536x1086.jpg 1536w, https:\/\/www.alternativeservice.it\/wp-content\/uploads\/2022\/10\/2015-mercedes-benz-v-class-01-2048x1448.jpg 2048w\" sizes=\"auto, (max-width: 1024px) 100vw, 1024px\" \/><\/figure>\n<\/div>\n<\/div>\n\n\n\n<div style=\"height:50px\" aria-hidden=\"true\" class=\"wp-block-spacer\"><\/div>\n\n\n\n<div class=\"wp-block-columns is-layout-flex wp-container-core-columns-is-layout-28f84493 wp-block-columns-is-layout-flex\">\n<div class=\"wp-block-column is-layout-flow wp-block-column-is-layout-flow\" style=\"flex-basis:66.66%\">\n<p style=\"font-size:18px\">Alternative Service nasce grazie alle esigenze delle aziende con la quale collaboriamo da diverso tempo offrendo servizi di transfer per i loro clienti o dipendenti stessi.<br>Il servizio di noleggio con conducente \u00e8 considerato un alternativa al tradizionale servizio TAXI, e la differenza principale \u00e8 che essendo un servizio con conducente, dopo aver prenotato un autista sar\u00e0 a disposizione del cliente, comprese attese in caso di ritardi aerei o treni.<br>Orgogliosi di un team consolidato della zona, siamo in grado di essere presenti sul territorio non solo per trasferimenti per aeroporti, stazioni treni, porti marittimi o principali punti di interesse, ma anche chiamate dell&#8217;ultimo minuto per emergenze di ogni genere in qualsiasi giorno e a qualsiasi ora offrendo sempre un servizio puntuale con veicoli sempre in ordine, puliti e sanificati.<\/p>\n<\/div>\n\n\n\n<div class=\"wp-block-column is-layout-flow wp-block-column-is-layout-flow\" style=\"flex-basis:33.33%\">\n<figure class=\"wp-block-image size-large\"><img loading=\"lazy\" decoding=\"async\" width=\"1024\" height=\"767\" src=\"https:\/\/www.alternativeservice.it\/wp-content\/uploads\/2022\/10\/Concept_V_ision_e_2-1024x767.jpg\" alt=\"\" class=\"wp-image-1190\" srcset=\"https:\/\/www.alternativeservice.it\/wp-content\/uploads\/2022\/10\/Concept_V_ision_e_2-1024x767.jpg 1024w, https:\/\/www.alternativeservice.it\/wp-content\/uploads\/2022\/10\/Concept_V_ision_e_2-300x225.jpg 300w, https:\/\/www.alternativeservice.it\/wp-content\/uploads\/2022\/10\/Concept_V_ision_e_2-768x575.jpg 768w, https:\/\/www.alternativeservice.it\/wp-content\/uploads\/2022\/10\/Concept_V_ision_e_2.jpg 1500w\" sizes=\"auto, (max-width: 1024px) 100vw, 1024px\" \/><\/figure>\n<\/div>\n<\/div>\n\n\n\n<p style=\"font-size:18px\">Disponiamo di diversi mezzi a partire da minivan fino a 8 posti compreso conducente a vetture Luxury per eventi pi\u00f9 importanti.<\/p>\n\n\n\n<p style=\"font-size:18px\">Non vi dovrete pi\u00f9 preoccupare di nulla, la prenotazione \u00e8 molto semplice tramite mail o messaggio WhatsApp.<\/p>\n<\/div><\/div>\n\n\n\n<div class=\"wp-block-columns is-layout-flex wp-container-core-columns-is-layout-28f84493 wp-block-columns-is-layout-flex\">\n<div class=\"wp-block-column is-vertically-aligned-center is-layout-flow wp-block-column-is-layout-flow\" style=\"flex-basis:66.66%\">\n<p style=\"font-size:18px\">Prenota il tuo transfer per le vacanze sulla neve, da Aeroporto di Venezia, Treviso e Verona alle Dolomiti tra il Veneto e Trentino Alto Adige attraversando fantastici paesaggi per arrivare alle meravigliose montagne riconosciute come Patrimonio UNESCO dal 2009.<br>Un autista vi aspetter\u00e0 agli arrivi dell&#8217;Aeroporto, vi aiuter\u00e0 con i bagagli per poi portarvi a destinazione in tutto comfort e via sulla neve.<br>Richiedi informazioni<\/p>\n<\/div>\n\n\n\n<div class=\"wp-block-column is-vertically-aligned-center is-layout-flow wp-block-column-is-layout-flow\" style=\"flex-basis:33.33%\">\n<figure class=\"wp-block-image size-full\"><img loading=\"lazy\" decoding=\"async\" width=\"380\" height=\"214\" src=\"https:\/\/www.alternativeservice.it\/wp-content\/uploads\/2022\/10\/629696-16x9-sm.jpg\" alt=\"\" class=\"wp-image-1189\" srcset=\"https:\/\/www.alternativeservice.it\/wp-content\/uploads\/2022\/10\/629696-16x9-sm.jpg 380w, https:\/\/www.alternativeservice.it\/wp-content\/uploads\/2022\/10\/629696-16x9-sm-300x169.jpg 300w\" sizes=\"auto, (max-width: 380px) 100vw, 380px\" \/><\/figure>\n<\/div>\n<\/div>\n\n\n\n<div style=\"height:100px\" aria-hidden=\"true\" class=\"wp-block-spacer\"><\/div>\n\n\n\n<h2 class=\"has-text-align-center wp-block-heading\" id=\"contatti\">Contatti<\/h2>\n\n\n\n<hr class=\"wp-block-separator has-text-color has-alpha-channel-opacity has-background aligncenter\" style=\"background-color:#023ef0;color:#023ef0\"\/>\n\n\n\n<h4 class=\"has-text-align-center wp-block-heading\">Alternative Service<\/h4>\n\n\n\n<div class=\"wp-block-columns are-vertically-aligned-center is-layout-flex wp-container-core-columns-is-layout-28f84493 wp-block-columns-is-layout-flex\">\n<div class=\"wp-block-column is-vertically-aligned-center is-layout-flow wp-block-column-is-layout-flow\">\n<p class=\"has-text-align-center has-text-color has-large-font-size\" style=\"color:#023ef0\"><a href=\"tel:00393917594388\"><i class=\"fas fa-phone-alt\"><\/i><\/a><\/p>\n\n\n\n<h5 class=\"has-text-align-center has-text-color wp-block-heading\" id=\"00393488919659\" style=\"color:#023ef0\"><a href=\"tel:00393917594388\">+39 917594388<\/a><\/h5>\n\n\n\n<h6 class=\"has-text-align-center wp-block-heading\" id=\"telefono\">Telefono<\/h6>\n<\/div>\n\n\n\n<div class=\"wp-block-column is-vertically-aligned-center is-layout-flow wp-block-column-is-layout-flow\">\n<p class=\"has-text-align-center has-text-color has-large-font-size\" style=\"color:#023ef0\"><a href=\"mailto:alternativeservicencc@gmail.com\"><i class=\"fas fa-envelope\"><\/i><\/a><\/p>\n\n\n\n<h5 class=\"has-text-align-center has-text-color wp-block-heading\" id=\"sukritasukrili-gmail-com\" style=\"color:#023ef0\"><a href=\"mailto:alternativeservicencc@gmail.com\">alternativeservicencc@gmail.com<\/a><\/h5>\n\n\n\n<h6 class=\"has-text-align-center wp-block-heading\" id=\"email-1\">Email<\/h6>\n<\/div>\n\n\n\n<div class=\"wp-block-column is-vertically-aligned-center is-layout-flow wp-block-column-is-layout-flow\">\n<p class=\"has-text-align-center has-text-color has-large-font-size\" style=\"color:#023ef0\"><a href=\"https:\/\/api.whatsapp.com\/send?phone=393917594388\"><i class=\"fab fa-whatsapp\"><\/i><\/a><\/p>\n\n\n\n<h5 class=\"has-text-align-center has-text-color wp-block-heading\" id=\"whatsapp\" style=\"color:#023ef0\"><a href=\"https:\/\/api.whatsapp.com\/send?phone=393917594388\">whatsapp<\/a><\/h5>\n\n\n\n<h6 class=\"has-text-align-center wp-block-heading\" id=\"chat\">Chat<\/h6>\n<\/div>\n<\/div>\n\n\n\n<div style=\"height:100px\" aria-hidden=\"true\" class=\"wp-block-spacer\"><\/div>\n","protected":false},"excerpt":{"rendered":"<p>Servizi Noleggio con Conducente Alternative Service offre un servizio di noleggio con conducente accurato e professionale specializzato nei trasferimenti da e verso gli aeroporti, principalmente Venezia e Treviso, ma anche Trieste, Verona, Milano, Firenze, Roma, garantendo un viaggio comodo e in totale sicurezza, offrendo un servizio di qualit\u00e0 senza preoccupazioni e a un prezzo vantaggioso. &hellip;<\/p>\n<p class=\"read-more\"> <a class=\"\" href=\"https:\/\/www.alternativeservice.it\/\"> <span class=\"screen-reader-text\">Home<\/span> Leggi altro &raquo;<\/a><\/p>\n","protected":false},"author":2,"featured_media":0,"parent":0,"menu_order":0,"comment_status":"closed","ping_status":"closed","template":"","meta":{"site-sidebar-layout":"no-sidebar","site-content-layout":"plain-container","ast-global-header-display":"","ast-main-header-display":"","ast-hfb-above-header-display":"","ast-hfb-below-header-display":"","ast-hfb-mobile-header-display":"","site-post-title":"disabled","ast-breadcrumbs-content":"disabled","ast-featured-img":"disabled","footer-sml-layout":"","theme-transparent-header-meta":"disabled","adv-header-id-meta":"","stick-header-meta":"","header-above-stick-meta":"","header-main-stick-meta":"","header-below-stick-meta":"","footnotes":""},"class_list":["post-1022","page","type-page","status-publish","hentry"],"_links":{"self":[{"href":"https:\/\/www.alternativeservice.it\/index.php\/wp-json\/wp\/v2\/pages\/1022","targetHints":{"allow":["GET"]}}],"collection":[{"href":"https:\/\/www.alternativeservice.it\/index.php\/wp-json\/wp\/v2\/pages"}],"about":[{"href":"https:\/\/www.alternativeservice.it\/index.php\/wp-json\/wp\/v2\/types\/page"}],"author":[{"embeddable":true,"href":"https:\/\/www.alternativeservice.it\/index.php\/wp-json\/wp\/v2\/users\/2"}],"replies":[{"embeddable":true,"href":"https:\/\/www.alternativeservice.it\/index.php\/wp-json\/wp\/v2\/comments?post=1022"}],"version-history":[{"count":22,"href":"https:\/\/www.alternativeservice.it\/index.php\/wp-json\/wp\/v2\/pages\/1022\/revisions"}],"predecessor-version":[{"id":1226,"href":"https:\/\/www.alternativeservice.it\/index.php\/wp-json\/wp\/v2\/pages\/1022\/revisions\/1226"}],"wp:attachment":[{"href":"https:\/\/www.alternativeservice.it\/index.php\/wp-json\/wp\/v2\/media?parent=1022"}],"curies":[{"name":"wp","href":"https:\/\/api.w.org\/{rel}","templated":true}]}}